{"id":828,"date":"2026-02-08T17:53:46","date_gmt":"2026-02-08T16:53:46","guid":{"rendered":"https:\/\/primserviceeurope.lu\/?post_type=product&#038;p=828"},"modified":"2026-02-08T18:10:11","modified_gmt":"2026-02-08T17:10:11","slug":"module-debitmetre-pour-multicapteurs-ltg","status":"publish","type":"product","link":"https:\/\/ltgtech.fr\/?product=module-debitmetre-pour-multicapteurs-ltg","title":{"rendered":"Module D\u00e9bitm\u00e8tre pour MultiCapteurs LTG"},"content":{"rendered":"<p>Module ext\u00e9rieur d\u00e9bitm\u00e8tre pour Multicapteur<\/p>\n<p>&nbsp;<\/p>\n","protected":false},"excerpt":{"rendered":"<p>Module ext\u00e9rieur d\u00e9bitm\u00e8tre pour Multicapteur &nbsp;<\/p>\n","protected":false},"featured_media":810,"template":"","meta":[],"product_brand":[42],"product_cat":[30],"product_tag":[],"class_list":{"0":"post-828","1":"product","2":"type-product","3":"status-publish","4":"has-post-thumbnail","6":"product_brand-ltg-tech","7":"product_cat-electronique_ltg","8":"pa_etat-neuf","9":"pa_etat-occasion","10":"pa_etat-reconditionne","12":"first","13":"instock","14":"taxable","15":"shipping-taxable","16":"purchasable","17":"product-type-variable"},"supplier_id":null,"supplier_sku":"","barcode":null,"atum_controlled":true,"out_stock_date":null,"out_stock_threshold":null,"inheritable":true,"inbound_stock":0,"stock_on_hold":0,"sold_today":0,"sales_last_days":0,"reserved_stock":0,"customer_returns":0,"warehouse_damage":0,"lost_in_post":0,"other_logs":0,"out_stock_days":0,"lost_sales":0,"has_location":false,"update_date":"2026-04-10T14:59:39","atum_locations":[],"atum_stock_status":"instock","restock_status":false,"low_stock_amount":"","sales_update_date":"2026-04-10T14:59:39","calc_backorders":0,"jetpack_sharing_enabled":true,"_links":{"self":[{"href":"https:\/\/ltgtech.fr\/index.php?rest_route=\/wp\/v2\/product\/828","targetHints":{"allow":["GET"]}}],"collection":[{"href":"https:\/\/ltgtech.fr\/index.php?rest_route=\/wp\/v2\/product"}],"about":[{"href":"https:\/\/ltgtech.fr\/index.php?rest_route=\/wp\/v2\/types\/product"}],"version-history":[{"count":2,"href":"https:\/\/ltgtech.fr\/index.php?rest_route=\/wp\/v2\/product\/828\/revisions"}],"predecessor-version":[{"id":843,"href":"https:\/\/ltgtech.fr\/index.php?rest_route=\/wp\/v2\/product\/828\/revisions\/843"}],"wp:featuredmedia":[{"embeddable":true,"href":"https:\/\/ltgtech.fr\/index.php?rest_route=\/wp\/v2\/media\/810"}],"wp:attachment":[{"href":"https:\/\/ltgtech.fr\/index.php?rest_route=%2Fwp%2Fv2%2Fmedia&parent=828"}],"wp:term":[{"taxonomy":"product_brand","embeddable":true,"href":"https:\/\/ltgtech.fr\/index.php?rest_route=%2Fwp%2Fv2%2Fproduct_brand&post=828"},{"taxonomy":"product_cat","embeddable":true,"href":"https:\/\/ltgtech.fr\/index.php?rest_route=%2Fwp%2Fv2%2Fproduct_cat&post=828"},{"taxonomy":"product_tag","embeddable":true,"href":"https:\/\/ltgtech.fr\/index.php?rest_route=%2Fwp%2Fv2%2Fproduct_tag&post=828"}],"curies":[{"name":"wp","href":"https:\/\/api.w.org\/{rel}","templated":true}]}}