{"id":817,"date":"2026-02-08T15:20:47","date_gmt":"2026-02-08T14:20:47","guid":{"rendered":"https:\/\/primserviceeurope.lu\/?post_type=product&#038;p=817"},"modified":"2026-02-08T18:06:40","modified_gmt":"2026-02-08T17:06:40","slug":"multicapteurs-ltg","status":"publish","type":"product","link":"https:\/\/ltgtech.fr\/?product=multicapteurs-ltg","title":{"rendered":"MultiCapteurs LTG"},"content":{"rendered":"<p>Multicapteur pour protocole t\u00e9l\u00e9m\u00e9trie JETI<\/p>\n<ul>\n<li>G m\u00e8tre<\/li>\n<li>Altim\u00e8tre<\/li>\n<li>Variom\u00e8tre<\/li>\n<li>Vitesse an\u00e9mom\u00e9trique<\/li>\n<li>Acquisition thermom\u00e8tre double (n\u00e9cessite 1 ou 2 sondes de temp\u00e9rature)<\/li>\n<li>Acquisition d\u00e9bitm\u00e8tre (n\u00e9cessite un module d\u00e9bitm\u00e8tre externe)<\/li>\n<li>Acquisition compte tours moteur (n\u00e9cessite un module d&rsquo;interface externe)<\/li>\n<li>Acquisition GPS (n\u00e9cessite un module GPS externe)<\/li>\n<li>Expander 1 voie<\/li>\n<\/ul>\n<p>&nbsp;<\/p>\n","protected":false},"excerpt":{"rendered":"<p>Multicapteur pour protocole t\u00e9l\u00e9m\u00e9trie JETI G m\u00e8tre Altim\u00e8tre Variom\u00e8tre Vitesse an\u00e9mom\u00e9trique Acquisition thermom\u00e8tre double (n\u00e9cessite 1 ou 2 sondes de temp\u00e9rature) Acquisition d\u00e9bitm\u00e8tre (n\u00e9cessite un module d\u00e9bitm\u00e8tre externe) Acquisition compte tours moteur (n\u00e9cessite un module d&rsquo;interface externe) Acquisition GPS (n\u00e9cessite un module GPS externe) Expander 1 voie &nbsp;<\/p>\n","protected":false},"featured_media":809,"template":"","meta":[],"product_brand":[42],"product_cat":[30],"product_tag":[],"class_list":{"0":"post-817","1":"product","2":"type-product","3":"status-publish","4":"has-post-thumbnail","6":"product_brand-ltg-tech","7":"product_cat-electronique_ltg","8":"pa_etat-neuf","9":"pa_etat-occasion","10":"pa_etat-reconditionne","12":"first","13":"instock","14":"taxable","15":"shipping-taxable","16":"purchasable","17":"product-type-variable"},"supplier_id":null,"supplier_sku":"","barcode":null,"atum_controlled":true,"out_stock_date":null,"out_stock_threshold":null,"inheritable":true,"inbound_stock":0,"stock_on_hold":1,"sold_today":0,"sales_last_days":0,"reserved_stock":0,"customer_returns":0,"warehouse_damage":0,"lost_in_post":0,"other_logs":0,"out_stock_days":0,"lost_sales":0,"has_location":false,"update_date":"2026-04-12T15:03:27","atum_locations":[],"atum_stock_status":"instock","restock_status":false,"low_stock_amount":"","sales_update_date":"2026-04-12T15:03:27","calc_backorders":0,"jetpack_sharing_enabled":true,"_links":{"self":[{"href":"https:\/\/ltgtech.fr\/index.php?rest_route=\/wp\/v2\/product\/817","targetHints":{"allow":["GET"]}}],"collection":[{"href":"https:\/\/ltgtech.fr\/index.php?rest_route=\/wp\/v2\/product"}],"about":[{"href":"https:\/\/ltgtech.fr\/index.php?rest_route=\/wp\/v2\/types\/product"}],"version-history":[{"count":1,"href":"https:\/\/ltgtech.fr\/index.php?rest_route=\/wp\/v2\/product\/817\/revisions"}],"predecessor-version":[{"id":821,"href":"https:\/\/ltgtech.fr\/index.php?rest_route=\/wp\/v2\/product\/817\/revisions\/821"}],"wp:featuredmedia":[{"embeddable":true,"href":"https:\/\/ltgtech.fr\/index.php?rest_route=\/wp\/v2\/media\/809"}],"wp:attachment":[{"href":"https:\/\/ltgtech.fr\/index.php?rest_route=%2Fwp%2Fv2%2Fmedia&parent=817"}],"wp:term":[{"taxonomy":"product_brand","embeddable":true,"href":"https:\/\/ltgtech.fr\/index.php?rest_route=%2Fwp%2Fv2%2Fproduct_brand&post=817"},{"taxonomy":"product_cat","embeddable":true,"href":"https:\/\/ltgtech.fr\/index.php?rest_route=%2Fwp%2Fv2%2Fproduct_cat&post=817"},{"taxonomy":"product_tag","embeddable":true,"href":"https:\/\/ltgtech.fr\/index.php?rest_route=%2Fwp%2Fv2%2Fproduct_tag&post=817"}],"curies":[{"name":"wp","href":"https:\/\/api.w.org\/{rel}","templated":true}]}}