{"id":792,"date":"2026-02-08T10:08:03","date_gmt":"2026-02-08T09:08:03","guid":{"rendered":"https:\/\/primserviceeurope.lu\/?post_type=product&#038;p=792"},"modified":"2026-02-08T10:11:58","modified_gmt":"2026-02-08T09:11:58","slug":"manche-a-interrupteur-poussoir-copie","status":"publish","type":"product","link":"https:\/\/ltgtech.fr\/?product=manche-a-interrupteur-poussoir-copie","title":{"rendered":"Manche \u00e0 potentiom\u00e8tre"},"content":{"rendered":"<p>Manche de radio JETI avec potentiom\u00e8tre<\/p>\n<table class=\"table table-striped mt-3 col-lg-6\">\n<tbody>\n<tr>\n<th>DC-14<\/th>\n<td>Yes<\/td>\n<\/tr>\n<tr>\n<th>DC-14II<\/th>\n<td>Yes<\/td>\n<\/tr>\n<tr>\n<th>DC-16<\/th>\n<td>Yes<\/td>\n<\/tr>\n<tr>\n<th>DC-16II<\/th>\n<td>Yes<\/td>\n<\/tr>\n<tr>\n<th>DC-24<\/th>\n<td>Yes<\/td>\n<\/tr>\n<tr>\n<th>DC-24II<\/th>\n<td>Yes<\/td>\n<\/tr>\n<tr>\n<th>DS-12<\/th>\n<td>Yes<\/td>\n<\/tr>\n<tr>\n<th>DS-14<\/th>\n<td>Yes<\/td>\n<\/tr>\n<tr>\n<th>DS-14II<\/th>\n<td>Yes<\/td>\n<\/tr>\n<tr>\n<th>DS-16<\/th>\n<td>Yes<\/td>\n<\/tr>\n<tr>\n<th>DS-16II<\/th>\n<td>Yes<\/td>\n<\/tr>\n<tr>\n<th>DS-24<\/th>\n<td>Yes<\/td>\n<\/tr>\n<tr>\n<th>DS-24II<\/th>\n<td>Yes<\/td>\n<\/tr>\n<\/tbody>\n<\/table>\n","protected":false},"excerpt":{"rendered":"<p>Manche de radio JETI avec potentiom\u00e8tre DC-14 Yes DC-14II Yes DC-16 Yes DC-16II Yes DC-24 Yes DC-24II Yes DS-12 Yes DS-14 Yes DS-14II Yes DS-16 Yes DS-16II Yes DS-24 Yes DS-24II Yes<\/p>\n","protected":false},"featured_media":799,"template":"","meta":[],"product_brand":[32],"product_cat":[35],"product_tag":[],"class_list":{"0":"post-792","1":"product","2":"type-product","3":"status-publish","4":"has-post-thumbnail","6":"product_brand-jeti","7":"product_cat-accessoires","8":"pa_etat-neuf","9":"pa_etat-occasion","10":"pa_etat-reconditionne","12":"first","13":"instock","14":"taxable","15":"shipping-taxable","16":"purchasable","17":"product-type-variable"},"supplier_id":null,"supplier_sku":"","barcode":null,"atum_controlled":true,"out_stock_date":null,"out_stock_threshold":null,"inheritable":true,"inbound_stock":0,"stock_on_hold":0,"sold_today":0,"sales_last_days":0,"reserved_stock":0,"customer_returns":0,"warehouse_damage":0,"lost_in_post":0,"other_logs":0,"out_stock_days":0,"lost_sales":0,"has_location":false,"update_date":"2026-04-12T15:03:27","atum_locations":[],"atum_stock_status":"instock","restock_status":false,"low_stock_amount":"","sales_update_date":"2026-04-12T15:03:27","calc_backorders":0,"jetpack_sharing_enabled":true,"_links":{"self":[{"href":"https:\/\/ltgtech.fr\/index.php?rest_route=\/wp\/v2\/product\/792","targetHints":{"allow":["GET"]}}],"collection":[{"href":"https:\/\/ltgtech.fr\/index.php?rest_route=\/wp\/v2\/product"}],"about":[{"href":"https:\/\/ltgtech.fr\/index.php?rest_route=\/wp\/v2\/types\/product"}],"version-history":[{"count":3,"href":"https:\/\/ltgtech.fr\/index.php?rest_route=\/wp\/v2\/product\/792\/revisions"}],"predecessor-version":[{"id":800,"href":"https:\/\/ltgtech.fr\/index.php?rest_route=\/wp\/v2\/product\/792\/revisions\/800"}],"wp:featuredmedia":[{"embeddable":true,"href":"https:\/\/ltgtech.fr\/index.php?rest_route=\/wp\/v2\/media\/799"}],"wp:attachment":[{"href":"https:\/\/ltgtech.fr\/index.php?rest_route=%2Fwp%2Fv2%2Fmedia&parent=792"}],"wp:term":[{"taxonomy":"product_brand","embeddable":true,"href":"https:\/\/ltgtech.fr\/index.php?rest_route=%2Fwp%2Fv2%2Fproduct_brand&post=792"},{"taxonomy":"product_cat","embeddable":true,"href":"https:\/\/ltgtech.fr\/index.php?rest_route=%2Fwp%2Fv2%2Fproduct_cat&post=792"},{"taxonomy":"product_tag","embeddable":true,"href":"https:\/\/ltgtech.fr\/index.php?rest_route=%2Fwp%2Fv2%2Fproduct_tag&post=792"}],"curies":[{"name":"wp","href":"https:\/\/api.w.org\/{rel}","templated":true}]}}