{"id":774,"date":"2026-02-08T09:54:26","date_gmt":"2026-02-08T08:54:26","guid":{"rendered":"https:\/\/primserviceeurope.lu\/?post_type=product&#038;p=774"},"modified":"2026-02-08T09:56:49","modified_gmt":"2026-02-08T08:56:49","slug":"expander-telemetrie-jeti-e4-ex","status":"publish","type":"product","link":"https:\/\/ltgtech.fr\/?product=expander-telemetrie-jeti-e4-ex","title":{"rendered":"Expander t\u00e9l\u00e9m\u00e9trie JETI &#8211; E4 EX"},"content":{"rendered":"<table class=\"table table-striped mt-3 col-lg-6\">\n<tbody>\n<tr>\n<th>Weight [g]<\/th>\n<td>7<\/td>\n<\/tr>\n<tr>\n<th>Dimensions [mm]<\/th>\n<td>36 x 20 x 5<\/td>\n<\/tr>\n<tr>\n<th>Operational temperature [\u00b0C]<\/th>\n<td>-10 to 85<\/td>\n<\/tr>\n<tr>\n<th>Supply Voltage [V]<\/th>\n<td>3,2 &#8211; 8,4<\/td>\n<\/tr>\n<tr>\n<th>Average Current [mA]<\/th>\n<td>8<\/td>\n<\/tr>\n<tr>\n<th>Number of inputs for sensors<\/th>\n<td>4<\/td>\n<\/tr>\n<\/tbody>\n<\/table>\n","protected":false},"excerpt":{"rendered":"<p>Weight [g] 7 Dimensions [mm] 36 x 20 x 5 Operational temperature [\u00b0C] -10 to 85 Supply Voltage [V] 3,2 &#8211; 8,4 Average Current [mA] 8 Number of inputs for sensors 4<\/p>\n","protected":false},"featured_media":778,"template":"","meta":[],"product_brand":[32],"product_cat":[47],"product_tag":[],"class_list":{"0":"post-774","1":"product","2":"type-product","3":"status-publish","4":"has-post-thumbnail","6":"product_brand-jeti","7":"product_cat-capteurs","8":"pa_etat-neuf","9":"pa_etat-occasion","10":"pa_etat-reconditionne","12":"first","13":"instock","14":"taxable","15":"shipping-taxable","16":"purchasable","17":"product-type-variable"},"supplier_id":null,"supplier_sku":"","barcode":null,"atum_controlled":true,"out_stock_date":null,"out_stock_threshold":null,"inheritable":true,"inbound_stock":0,"stock_on_hold":0,"sold_today":0,"sales_last_days":0,"reserved_stock":0,"customer_returns":0,"warehouse_damage":0,"lost_in_post":0,"other_logs":0,"out_stock_days":0,"lost_sales":0,"has_location":false,"update_date":"2026-04-10T14:59:39","atum_locations":[],"atum_stock_status":"instock","restock_status":false,"low_stock_amount":"","sales_update_date":"2026-04-10T14:59:39","calc_backorders":0,"jetpack_sharing_enabled":true,"_links":{"self":[{"href":"https:\/\/ltgtech.fr\/index.php?rest_route=\/wp\/v2\/product\/774","targetHints":{"allow":["GET"]}}],"collection":[{"href":"https:\/\/ltgtech.fr\/index.php?rest_route=\/wp\/v2\/product"}],"about":[{"href":"https:\/\/ltgtech.fr\/index.php?rest_route=\/wp\/v2\/types\/product"}],"version-history":[{"count":1,"href":"https:\/\/ltgtech.fr\/index.php?rest_route=\/wp\/v2\/product\/774\/revisions"}],"predecessor-version":[{"id":779,"href":"https:\/\/ltgtech.fr\/index.php?rest_route=\/wp\/v2\/product\/774\/revisions\/779"}],"wp:featuredmedia":[{"embeddable":true,"href":"https:\/\/ltgtech.fr\/index.php?rest_route=\/wp\/v2\/media\/778"}],"wp:attachment":[{"href":"https:\/\/ltgtech.fr\/index.php?rest_route=%2Fwp%2Fv2%2Fmedia&parent=774"}],"wp:term":[{"taxonomy":"product_brand","embeddable":true,"href":"https:\/\/ltgtech.fr\/index.php?rest_route=%2Fwp%2Fv2%2Fproduct_brand&post=774"},{"taxonomy":"product_cat","embeddable":true,"href":"https:\/\/ltgtech.fr\/index.php?rest_route=%2Fwp%2Fv2%2Fproduct_cat&post=774"},{"taxonomy":"product_tag","embeddable":true,"href":"https:\/\/ltgtech.fr\/index.php?rest_route=%2Fwp%2Fv2%2Fproduct_tag&post=774"}],"curies":[{"name":"wp","href":"https:\/\/api.w.org\/{rel}","templated":true}]}}