{"id":436,"date":"2026-02-03T21:34:23","date_gmt":"2026-02-03T20:34:23","guid":{"rendered":"https:\/\/primserviceeurope.lu\/?post_type=product&#038;p=436"},"modified":"2026-02-04T00:52:43","modified_gmt":"2026-02-03T23:52:43","slug":"expander-pour-switch-rc-ou-magnetic","status":"publish","type":"product","link":"https:\/\/ltgtech.fr\/?product=expander-pour-switch-rc-ou-magnetic","title":{"rendered":"Expander pour switch RC ou Magnetic"},"content":{"rendered":"<p data-path-to-node=\"5\">L&rsquo;<b data-path-to-node=\"5\" data-index-in-node=\"2\">Expander SW4 de JETI<\/b> est un module de centralisation qui permet de piloter plusieurs appareils \u00e9lectroniques \u00e0 partir d&rsquo;un <b data-path-to-node=\"5\" data-index-in-node=\"125\">unique interrupteur<\/b> (magn\u00e9tique ou radiocommand\u00e9).<\/p>\n<p data-path-to-node=\"6\">Ses points forts sont :<\/p>\n<ul data-path-to-node=\"7\">\n<li>\n<p data-path-to-node=\"7,0,0\"><b data-path-to-node=\"7,0,0\" data-index-in-node=\"0\">Contr\u00f4le simultan\u00e9 :<\/b> Une seule commande active tout votre syst\u00e8me.<\/p>\n<\/li>\n<li>\n<p data-path-to-node=\"7,1,0\"><b data-path-to-node=\"7,1,0\" data-index-in-node=\"0\">S\u00e9curit\u00e9 accrue :<\/b> Gr\u00e2ce \u00e0 l&rsquo;isolation optique sur certaines sorties, il prot\u00e8ge les composants sensibles contre les parasites et interf\u00e9rences \u00e9lectriques.<\/p>\n<\/li>\n<li>\n<p data-path-to-node=\"7,2,0\"><b data-path-to-node=\"7,2,0\" data-index-in-node=\"0\">Compatibilit\u00e9 :<\/b> Con\u00e7u sp\u00e9cifiquement pour s&rsquo;int\u00e9grer \u00e0 l&rsquo;\u00e9cosyst\u00e8me des accessoires JETI.<\/p>\n<\/li>\n<\/ul>\n<table class=\"table table-striped mt-3 col-lg-6\">\n<tbody>\n<tr>\n<th>Weight [g]<\/th>\n<td>7<\/td>\n<\/tr>\n<tr>\n<th>Dimensions [mm]<\/th>\n<td>30 x 23 x 13<\/td>\n<\/tr>\n<tr>\n<th>Operational temperature [\u00b0C]<\/th>\n<td>-20 to 85<\/td>\n<\/tr>\n<tr>\n<th>Recommended input voltage [V]<\/th>\n<td>3.5 to 59<\/td>\n<\/tr>\n<tr>\n<th>Idle current [\u00b5A]<\/th>\n<td>60<\/td>\n<\/tr>\n<tr>\n<th>Input voltage max. [V]<\/th>\n<td>59<\/td>\n<\/tr>\n<\/tbody>\n<\/table>\n","protected":false},"excerpt":{"rendered":"<p>L&rsquo;Expander SW4 de JETI est un module de centralisation qui permet de piloter plusieurs appareils \u00e9lectroniques \u00e0 partir d&rsquo;un unique interrupteur (magn\u00e9tique ou radiocommand\u00e9). Ses points forts sont : Contr\u00f4le simultan\u00e9 : Une seule commande active tout votre syst\u00e8me. S\u00e9curit\u00e9 accrue : Gr\u00e2ce \u00e0 l&rsquo;isolation optique sur certaines sorties, il prot\u00e8ge les composants sensibles contre [&hellip;]<\/p>\n","protected":false},"featured_media":440,"template":"","meta":[],"product_brand":[32],"product_cat":[20],"product_tag":[],"class_list":{"0":"post-436","1":"product","2":"type-product","3":"status-publish","4":"has-post-thumbnail","6":"product_brand-jeti","7":"product_cat-recepteur-box","8":"pa_etat-neuf","9":"pa_etat-occasion","10":"pa_etat-reconditionne","12":"first","13":"instock","14":"taxable","15":"shipping-taxable","16":"purchasable","17":"product-type-variable"},"supplier_id":null,"supplier_sku":"","barcode":null,"atum_controlled":true,"out_stock_date":null,"out_stock_threshold":null,"inheritable":true,"inbound_stock":0,"stock_on_hold":0,"sold_today":0,"sales_last_days":0,"reserved_stock":0,"customer_returns":0,"warehouse_damage":0,"lost_in_post":0,"other_logs":0,"out_stock_days":0,"lost_sales":0,"has_location":false,"update_date":"2026-04-10T14:59:36","atum_locations":[],"atum_stock_status":"instock","restock_status":false,"low_stock_amount":"","sales_update_date":"2026-04-10T14:59:36","calc_backorders":0,"jetpack_sharing_enabled":true,"_links":{"self":[{"href":"https:\/\/ltgtech.fr\/index.php?rest_route=\/wp\/v2\/product\/436","targetHints":{"allow":["GET"]}}],"collection":[{"href":"https:\/\/ltgtech.fr\/index.php?rest_route=\/wp\/v2\/product"}],"about":[{"href":"https:\/\/ltgtech.fr\/index.php?rest_route=\/wp\/v2\/types\/product"}],"version-history":[{"count":1,"href":"https:\/\/ltgtech.fr\/index.php?rest_route=\/wp\/v2\/product\/436\/revisions"}],"predecessor-version":[{"id":441,"href":"https:\/\/ltgtech.fr\/index.php?rest_route=\/wp\/v2\/product\/436\/revisions\/441"}],"wp:featuredmedia":[{"embeddable":true,"href":"https:\/\/ltgtech.fr\/index.php?rest_route=\/wp\/v2\/media\/440"}],"wp:attachment":[{"href":"https:\/\/ltgtech.fr\/index.php?rest_route=%2Fwp%2Fv2%2Fmedia&parent=436"}],"wp:term":[{"taxonomy":"product_brand","embeddable":true,"href":"https:\/\/ltgtech.fr\/index.php?rest_route=%2Fwp%2Fv2%2Fproduct_brand&post=436"},{"taxonomy":"product_cat","embeddable":true,"href":"https:\/\/ltgtech.fr\/index.php?rest_route=%2Fwp%2Fv2%2Fproduct_cat&post=436"},{"taxonomy":"product_tag","embeddable":true,"href":"https:\/\/ltgtech.fr\/index.php?rest_route=%2Fwp%2Fv2%2Fproduct_tag&post=436"}],"curies":[{"name":"wp","href":"https:\/\/api.w.org\/{rel}","templated":true}]}}