{"id":432,"date":"2026-02-03T18:59:01","date_gmt":"2026-02-03T17:59:01","guid":{"rendered":"https:\/\/primserviceeurope.lu\/?post_type=product&#038;p=432"},"modified":"2026-02-08T09:44:17","modified_gmt":"2026-02-08T08:44:17","slug":"inter-court-2-positions-a-verrouillage-ds-v2","status":"publish","type":"product","link":"https:\/\/ltgtech.fr\/?product=inter-court-2-positions-a-verrouillage-ds-v2","title":{"rendered":"Inter. court 2 positions \u00e0 verrouillage &#8211; DS-v2"},"content":{"rendered":"<p>Interrupteur court \u00e0 2 positions \u00e0 2 positions pour DS v2.<\/p>\n<table class=\"table table-striped mt-3 col-lg-6\">\n<tbody>\n<tr>\n<th>DS-24II<\/th>\n<td>Yes<\/td>\n<\/tr>\n<\/tbody>\n<\/table>\n","protected":false},"excerpt":{"rendered":"<p>Interrupteur court \u00e0 2 positions \u00e0 2 positions pour DS v2. DS-24II Yes<\/p>\n","protected":false},"featured_media":442,"template":"","meta":[],"product_brand":[32],"product_cat":[41],"product_tag":[],"class_list":{"0":"post-432","1":"product","2":"type-product","3":"status-publish","4":"has-post-thumbnail","6":"product_brand-jeti","7":"product_cat-ds-v2","8":"pa_etat-neuf","9":"pa_etat-occasion","10":"pa_etat-reconditionne","12":"first","13":"instock","14":"taxable","15":"shipping-taxable","16":"purchasable","17":"product-type-variable"},"supplier_id":null,"supplier_sku":"","barcode":null,"atum_controlled":true,"out_stock_date":null,"out_stock_threshold":null,"inheritable":true,"inbound_stock":0,"stock_on_hold":0,"sold_today":0,"sales_last_days":0,"reserved_stock":0,"customer_returns":0,"warehouse_damage":0,"lost_in_post":0,"other_logs":0,"out_stock_days":0,"lost_sales":0,"has_location":false,"update_date":"2026-04-12T15:03:23","atum_locations":[],"atum_stock_status":"instock","restock_status":false,"low_stock_amount":"","sales_update_date":"2026-04-12T15:03:23","calc_backorders":0,"jetpack_sharing_enabled":true,"_links":{"self":[{"href":"https:\/\/ltgtech.fr\/index.php?rest_route=\/wp\/v2\/product\/432","targetHints":{"allow":["GET"]}}],"collection":[{"href":"https:\/\/ltgtech.fr\/index.php?rest_route=\/wp\/v2\/product"}],"about":[{"href":"https:\/\/ltgtech.fr\/index.php?rest_route=\/wp\/v2\/types\/product"}],"version-history":[{"count":3,"href":"https:\/\/ltgtech.fr\/index.php?rest_route=\/wp\/v2\/product\/432\/revisions"}],"predecessor-version":[{"id":445,"href":"https:\/\/ltgtech.fr\/index.php?rest_route=\/wp\/v2\/product\/432\/revisions\/445"}],"wp:featuredmedia":[{"embeddable":true,"href":"https:\/\/ltgtech.fr\/index.php?rest_route=\/wp\/v2\/media\/442"}],"wp:attachment":[{"href":"https:\/\/ltgtech.fr\/index.php?rest_route=%2Fwp%2Fv2%2Fmedia&parent=432"}],"wp:term":[{"taxonomy":"product_brand","embeddable":true,"href":"https:\/\/ltgtech.fr\/index.php?rest_route=%2Fwp%2Fv2%2Fproduct_brand&post=432"},{"taxonomy":"product_cat","embeddable":true,"href":"https:\/\/ltgtech.fr\/index.php?rest_route=%2Fwp%2Fv2%2Fproduct_cat&post=432"},{"taxonomy":"product_tag","embeddable":true,"href":"https:\/\/ltgtech.fr\/index.php?rest_route=%2Fwp%2Fv2%2Fproduct_tag&post=432"}],"curies":[{"name":"wp","href":"https:\/\/api.w.org\/{rel}","templated":true}]}}